{"id":483,"date":"2021-11-28T17:30:34","date_gmt":"2021-11-28T17:30:34","guid":{"rendered":"http:\/\/dev.evomedia.lt\/olearys_lv\/riga-plaza\/?page_id=483"},"modified":"2021-11-28T17:34:47","modified_gmt":"2021-11-28T17:34:47","slug":"feedback","status":"publish","type":"page","link":"https:\/\/lv.olearys.club\/riga-plaza\/feedback\/","title":{"rendered":"Feedback"},"content":{"rendered":"<script type=\"text\/javascript\">if(!gform){document.addEventListener(\"gform_main_scripts_loaded\",function(){gform.scriptsLoaded=!0}),window.addEventListener(\"DOMContentLoaded\",function(){gform.domLoaded=!0});var gform={domLoaded:!1,scriptsLoaded:!1,initializeOnLoaded:function(o){gform.domLoaded&&gform.scriptsLoaded?o():!gform.domLoaded&&gform.scriptsLoaded?window.addEventListener(\"DOMContentLoaded\",o):document.addEventListener(\"gform_main_scripts_loaded\",o)},hooks:{action:{},filter:{}},addAction:function(o,n,r,t){gform.addHook(\"action\",o,n,r,t)},addFilter:function(o,n,r,t){gform.addHook(\"filter\",o,n,r,t)},doAction:function(o){gform.doHook(\"action\",o,arguments)},applyFilters:function(o){return gform.doHook(\"filter\",o,arguments)},removeAction:function(o,n){gform.removeHook(\"action\",o,n)},removeFilter:function(o,n,r){gform.removeHook(\"filter\",o,n,r)},addHook:function(o,n,r,t,i){null==gform.hooks[o][n]&&(gform.hooks[o][n]=[]);var e=gform.hooks[o][n];null==i&&(i=n+\"_\"+e.length),null==t&&(t=10),gform.hooks[o][n].push({tag:i,callable:r,priority:t})},doHook:function(o,n,r){if(r=Array.prototype.slice.call(r,1),null!=gform.hooks[o][n]){var t,i=gform.hooks[o][n];i.sort(function(o,n){return o.priority-n.priority});for(var e=0;e<i.length;e++)\"function\"!=typeof(t=i[e].callable)&&(t=window[t]),\"action\"==o?t.apply(null,r):r[0]=t.apply(null,r)}if(\"filter\"==o)return r[0]},removeHook:function(o,n,r,t){if(null!=gform.hooks[o][n])for(var i=gform.hooks[o][n],e=i.length-1;0<=e;e--)null!=t&&t!=i[e].tag||null!=r&&r!=i[e].priority||i.splice(e,1)}}}<\/script>\n                <div class='gf_browser_gecko gform_wrapper gravity-theme' id='gform_wrapper_2' style='display:none'>\n                        <div class='gform_heading'>\n                            <span class='gform_description'><\/span>\n                        <\/div><form method='post' enctype='multipart\/form-data'  id='gform_2'  action='\/riga-plaza\/wp-json\/wp\/v2\/pages\/483' novalidate>\n                        <div class='gform_body gform-body'><div id='gform_fields_2' class='gform_fields top_label form_sublabel_below description_below'><div id=\"field_2_3\" class=\"gfield gfield--width-full gfield_html gfield_html_formatted gfield_no_follows_desc field_sublabel_below field_description_below gfield_visibility_visible\" ><h2>\nPAL\u012aDZIET MUMS K\u013b\u016aT LAB\u0100KIEM!<\/h2>\n<p>PAL\u012aDZIET MUMS K\u013b\u016aT LAB\u0100KIEM!\nM\u0113s katru dienu cen\u0161amies k\u013c\u016bt lab\u0101ki, j\u016bsu viedoklis mums ir \u013coti svar\u012bgs!<\/p>\n<h3 class=\"has-border\">\nK\u0100 PAG\u0100JA J\u016aSU APMEKL\u0112JUMS?<\/h3>\n<p>1 = slikti, 5 = labi<\/p><\/div><fieldset id=\"field_2_2\" class=\"gfield gfield--width-full inline-options field_sublabel_below field_description_below gfield_visibility_visible\" ><legend class='gfield_label'  >T\u012aR\u012aBA<\/legend><div class='ginput_container ginput_container_radio'><div class='gfield_radio' id='input_2_2'>\n\t\t\t<div class='gchoice gchoice_2_2_0'>\n\t\t\t\t\t<input class='gfield-choice-input' name='input_2' type='radio' value='1'  id='choice_2_2_0' onchange='gformToggleRadioOther( this )'    \/>\n\t\t\t\t\t<label for='choice_2_2_0' id='label_2_2_0'>1<\/label>\n\t\t\t<\/div>\n\t\t\t<div class='gchoice gchoice_2_2_1'>\n\t\t\t\t\t<input class='gfield-choice-input' name='input_2' type='radio' value='2'  id='choice_2_2_1' onchange='gformToggleRadioOther( this )'    \/>\n\t\t\t\t\t<label for='choice_2_2_1' id='label_2_2_1'>2<\/label>\n\t\t\t<\/div>\n\t\t\t<div class='gchoice gchoice_2_2_2'>\n\t\t\t\t\t<input class='gfield-choice-input' name='input_2' type='radio' value='3'  id='choice_2_2_2' onchange='gformToggleRadioOther( this )'    \/>\n\t\t\t\t\t<label for='choice_2_2_2' id='label_2_2_2'>3<\/label>\n\t\t\t<\/div>\n\t\t\t<div class='gchoice gchoice_2_2_3'>\n\t\t\t\t\t<input class='gfield-choice-input' name='input_2' type='radio' value='4'  id='choice_2_2_3' onchange='gformToggleRadioOther( this )'    \/>\n\t\t\t\t\t<label for='choice_2_2_3' id='label_2_2_3'>4<\/label>\n\t\t\t<\/div>\n\t\t\t<div class='gchoice gchoice_2_2_4'>\n\t\t\t\t\t<input class='gfield-choice-input' name='input_2' type='radio' value='5'  id='choice_2_2_4' onchange='gformToggleRadioOther( this )'    \/>\n\t\t\t\t\t<label for='choice_2_2_4' id='label_2_2_4'>5<\/label>\n\t\t\t<\/div><\/div><\/div><\/fieldset><fieldset id=\"field_2_15\" class=\"gfield gfield--width-full inline-options field_sublabel_below field_description_below gfield_visibility_visible\" ><legend class='gfield_label'  >APKALPO\u0160ANA<\/legend><div class='ginput_container ginput_container_radio'><div class='gfield_radio' id='input_2_15'>\n\t\t\t<div class='gchoice gchoice_2_15_0'>\n\t\t\t\t\t<input class='gfield-choice-input' name='input_15' type='radio' value='1'  id='choice_2_15_0' onchange='gformToggleRadioOther( this )'    \/>\n\t\t\t\t\t<label for='choice_2_15_0' id='label_2_15_0'>1<\/label>\n\t\t\t<\/div>\n\t\t\t<div class='gchoice gchoice_2_15_1'>\n\t\t\t\t\t<input class='gfield-choice-input' name='input_15' type='radio' value='2'  id='choice_2_15_1' onchange='gformToggleRadioOther( this )'    \/>\n\t\t\t\t\t<label for='choice_2_15_1' id='label_2_15_1'>2<\/label>\n\t\t\t<\/div>\n\t\t\t<div class='gchoice gchoice_2_15_2'>\n\t\t\t\t\t<input class='gfield-choice-input' name='input_15' type='radio' value='3'  id='choice_2_15_2' onchange='gformToggleRadioOther( this )'    \/>\n\t\t\t\t\t<label for='choice_2_15_2' id='label_2_15_2'>3<\/label>\n\t\t\t<\/div>\n\t\t\t<div class='gchoice gchoice_2_15_3'>\n\t\t\t\t\t<input class='gfield-choice-input' name='input_15' type='radio' value='4'  id='choice_2_15_3' onchange='gformToggleRadioOther( this )'    \/>\n\t\t\t\t\t<label for='choice_2_15_3' id='label_2_15_3'>4<\/label>\n\t\t\t<\/div>\n\t\t\t<div class='gchoice gchoice_2_15_4'>\n\t\t\t\t\t<input class='gfield-choice-input' name='input_15' type='radio' value='5'  id='choice_2_15_4' onchange='gformToggleRadioOther( this )'    \/>\n\t\t\t\t\t<label for='choice_2_15_4' id='label_2_15_4'>5<\/label>\n\t\t\t<\/div><\/div><\/div><\/fieldset><fieldset id=\"field_2_16\" class=\"gfield gfield--width-full inline-options field_sublabel_below field_description_below gfield_visibility_visible\" ><legend class='gfield_label'  >\u0112DIENS<\/legend><div class='ginput_container ginput_container_radio'><div class='gfield_radio' id='input_2_16'>\n\t\t\t<div class='gchoice gchoice_2_16_0'>\n\t\t\t\t\t<input class='gfield-choice-input' name='input_16' type='radio' value='1'  id='choice_2_16_0' onchange='gformToggleRadioOther( this )'    \/>\n\t\t\t\t\t<label for='choice_2_16_0' id='label_2_16_0'>1<\/label>\n\t\t\t<\/div>\n\t\t\t<div class='gchoice gchoice_2_16_1'>\n\t\t\t\t\t<input class='gfield-choice-input' name='input_16' type='radio' value='2'  id='choice_2_16_1' onchange='gformToggleRadioOther( this )'    \/>\n\t\t\t\t\t<label for='choice_2_16_1' id='label_2_16_1'>2<\/label>\n\t\t\t<\/div>\n\t\t\t<div class='gchoice gchoice_2_16_2'>\n\t\t\t\t\t<input class='gfield-choice-input' name='input_16' type='radio' value='3'  id='choice_2_16_2' onchange='gformToggleRadioOther( this )'    \/>\n\t\t\t\t\t<label for='choice_2_16_2' id='label_2_16_2'>3<\/label>\n\t\t\t<\/div>\n\t\t\t<div class='gchoice gchoice_2_16_3'>\n\t\t\t\t\t<input class='gfield-choice-input' name='input_16' type='radio' value='4'  id='choice_2_16_3' onchange='gformToggleRadioOther( this )'    \/>\n\t\t\t\t\t<label for='choice_2_16_3' id='label_2_16_3'>4<\/label>\n\t\t\t<\/div>\n\t\t\t<div class='gchoice gchoice_2_16_4'>\n\t\t\t\t\t<input class='gfield-choice-input' name='input_16' type='radio' value='5'  id='choice_2_16_4' onchange='gformToggleRadioOther( this )'    \/>\n\t\t\t\t\t<label for='choice_2_16_4' id='label_2_16_4'>5<\/label>\n\t\t\t<\/div><\/div><\/div><\/fieldset><fieldset id=\"field_2_17\" class=\"gfield gfield--width-full inline-options field_sublabel_below field_description_below gfield_visibility_visible\" ><legend class='gfield_label'  >GAID\u012a\u0160ANAS LAIKS<\/legend><div class='ginput_container ginput_container_radio'><div class='gfield_radio' id='input_2_17'>\n\t\t\t<div class='gchoice gchoice_2_17_0'>\n\t\t\t\t\t<input class='gfield-choice-input' name='input_17' type='radio' value='1'  id='choice_2_17_0' onchange='gformToggleRadioOther( this )'    \/>\n\t\t\t\t\t<label for='choice_2_17_0' id='label_2_17_0'>1<\/label>\n\t\t\t<\/div>\n\t\t\t<div class='gchoice gchoice_2_17_1'>\n\t\t\t\t\t<input class='gfield-choice-input' name='input_17' type='radio' value='2'  id='choice_2_17_1' onchange='gformToggleRadioOther( this )'    \/>\n\t\t\t\t\t<label for='choice_2_17_1' id='label_2_17_1'>2<\/label>\n\t\t\t<\/div>\n\t\t\t<div class='gchoice gchoice_2_17_2'>\n\t\t\t\t\t<input class='gfield-choice-input' name='input_17' type='radio' value='3'  id='choice_2_17_2' onchange='gformToggleRadioOther( this )'    \/>\n\t\t\t\t\t<label for='choice_2_17_2' id='label_2_17_2'>3<\/label>\n\t\t\t<\/div>\n\t\t\t<div class='gchoice gchoice_2_17_3'>\n\t\t\t\t\t<input class='gfield-choice-input' name='input_17' type='radio' value='4'  id='choice_2_17_3' onchange='gformToggleRadioOther( this )'    \/>\n\t\t\t\t\t<label for='choice_2_17_3' id='label_2_17_3'>4<\/label>\n\t\t\t<\/div>\n\t\t\t<div class='gchoice gchoice_2_17_4'>\n\t\t\t\t\t<input class='gfield-choice-input' name='input_17' type='radio' value='5'  id='choice_2_17_4' onchange='gformToggleRadioOther( this )'    \/>\n\t\t\t\t\t<label for='choice_2_17_4' id='label_2_17_4'>5<\/label>\n\t\t\t<\/div><\/div><\/div><\/fieldset><fieldset id=\"field_2_18\" class=\"gfield gfield--width-full inline-options field_sublabel_below field_description_below gfield_visibility_visible\" ><legend class='gfield_label'  >PERSON\u0100LA KOMPETENCE<\/legend><div class='ginput_container ginput_container_radio'><div class='gfield_radio' id='input_2_18'>\n\t\t\t<div class='gchoice gchoice_2_18_0'>\n\t\t\t\t\t<input class='gfield-choice-input' name='input_18' type='radio' value='1'  id='choice_2_18_0' onchange='gformToggleRadioOther( this )'    \/>\n\t\t\t\t\t<label for='choice_2_18_0' id='label_2_18_0'>1<\/label>\n\t\t\t<\/div>\n\t\t\t<div class='gchoice gchoice_2_18_1'>\n\t\t\t\t\t<input class='gfield-choice-input' name='input_18' type='radio' value='2'  id='choice_2_18_1' onchange='gformToggleRadioOther( this )'    \/>\n\t\t\t\t\t<label for='choice_2_18_1' id='label_2_18_1'>2<\/label>\n\t\t\t<\/div>\n\t\t\t<div class='gchoice gchoice_2_18_2'>\n\t\t\t\t\t<input class='gfield-choice-input' name='input_18' type='radio' value='3'  id='choice_2_18_2' onchange='gformToggleRadioOther( this )'    \/>\n\t\t\t\t\t<label for='choice_2_18_2' id='label_2_18_2'>3<\/label>\n\t\t\t<\/div>\n\t\t\t<div class='gchoice gchoice_2_18_3'>\n\t\t\t\t\t<input class='gfield-choice-input' name='input_18' type='radio' value='4'  id='choice_2_18_3' onchange='gformToggleRadioOther( this )'    \/>\n\t\t\t\t\t<label for='choice_2_18_3' id='label_2_18_3'>4<\/label>\n\t\t\t<\/div>\n\t\t\t<div class='gchoice gchoice_2_18_4'>\n\t\t\t\t\t<input class='gfield-choice-input' name='input_18' type='radio' value='5'  id='choice_2_18_4' onchange='gformToggleRadioOther( this )'    \/>\n\t\t\t\t\t<label for='choice_2_18_4' id='label_2_18_4'>5<\/label>\n\t\t\t<\/div><\/div><\/div><\/fieldset><fieldset id=\"field_2_19\" class=\"gfield gfield--width-full inline-options field_sublabel_below field_description_below gfield_visibility_visible\" ><legend class='gfield_label'  >SKA\u0145A UN ATT\u0112LS<\/legend><div class='ginput_container ginput_container_radio'><div class='gfield_radio' id='input_2_19'>\n\t\t\t<div class='gchoice gchoice_2_19_0'>\n\t\t\t\t\t<input class='gfield-choice-input' name='input_19' type='radio' value='1'  id='choice_2_19_0' onchange='gformToggleRadioOther( this )'    \/>\n\t\t\t\t\t<label for='choice_2_19_0' id='label_2_19_0'>1<\/label>\n\t\t\t<\/div>\n\t\t\t<div class='gchoice gchoice_2_19_1'>\n\t\t\t\t\t<input class='gfield-choice-input' name='input_19' type='radio' value='2'  id='choice_2_19_1' onchange='gformToggleRadioOther( this )'    \/>\n\t\t\t\t\t<label for='choice_2_19_1' id='label_2_19_1'>2<\/label>\n\t\t\t<\/div>\n\t\t\t<div class='gchoice gchoice_2_19_2'>\n\t\t\t\t\t<input class='gfield-choice-input' name='input_19' type='radio' value='3'  id='choice_2_19_2' onchange='gformToggleRadioOther( this )'    \/>\n\t\t\t\t\t<label for='choice_2_19_2' id='label_2_19_2'>3<\/label>\n\t\t\t<\/div>\n\t\t\t<div class='gchoice gchoice_2_19_3'>\n\t\t\t\t\t<input class='gfield-choice-input' name='input_19' type='radio' value='4'  id='choice_2_19_3' onchange='gformToggleRadioOther( this )'    \/>\n\t\t\t\t\t<label for='choice_2_19_3' id='label_2_19_3'>4<\/label>\n\t\t\t<\/div>\n\t\t\t<div class='gchoice gchoice_2_19_4'>\n\t\t\t\t\t<input class='gfield-choice-input' name='input_19' type='radio' value='5'  id='choice_2_19_4' onchange='gformToggleRadioOther( this )'    \/>\n\t\t\t\t\t<label for='choice_2_19_4' id='label_2_19_4'>5<\/label>\n\t\t\t<\/div><\/div><\/div><\/fieldset><fieldset id=\"field_2_20\" class=\"gfield gfield--width-full inline-options field_sublabel_below field_description_below gfield_visibility_visible\" ><legend class='gfield_label'  >NAUDAS V\u0112RT\u012aBA<\/legend><div class='ginput_container ginput_container_radio'><div class='gfield_radio' id='input_2_20'>\n\t\t\t<div class='gchoice gchoice_2_20_0'>\n\t\t\t\t\t<input class='gfield-choice-input' name='input_20' type='radio' value='1'  id='choice_2_20_0' onchange='gformToggleRadioOther( this )'    \/>\n\t\t\t\t\t<label for='choice_2_20_0' id='label_2_20_0'>1<\/label>\n\t\t\t<\/div>\n\t\t\t<div class='gchoice gchoice_2_20_1'>\n\t\t\t\t\t<input class='gfield-choice-input' name='input_20' type='radio' value='2'  id='choice_2_20_1' onchange='gformToggleRadioOther( this )'    \/>\n\t\t\t\t\t<label for='choice_2_20_1' id='label_2_20_1'>2<\/label>\n\t\t\t<\/div>\n\t\t\t<div class='gchoice gchoice_2_20_2'>\n\t\t\t\t\t<input class='gfield-choice-input' name='input_20' type='radio' value='3'  id='choice_2_20_2' onchange='gformToggleRadioOther( this )'    \/>\n\t\t\t\t\t<label for='choice_2_20_2' id='label_2_20_2'>3<\/label>\n\t\t\t<\/div>\n\t\t\t<div class='gchoice gchoice_2_20_3'>\n\t\t\t\t\t<input class='gfield-choice-input' name='input_20' type='radio' value='4'  id='choice_2_20_3' onchange='gformToggleRadioOther( this )'    \/>\n\t\t\t\t\t<label for='choice_2_20_3' id='label_2_20_3'>4<\/label>\n\t\t\t<\/div>\n\t\t\t<div class='gchoice gchoice_2_20_4'>\n\t\t\t\t\t<input class='gfield-choice-input' name='input_20' type='radio' value='5'  id='choice_2_20_4' onchange='gformToggleRadioOther( this )'    \/>\n\t\t\t\t\t<label for='choice_2_20_4' id='label_2_20_4'>5<\/label>\n\t\t\t<\/div><\/div><\/div><\/fieldset><div id=\"field_2_12\" class=\"gfield gsection field_sublabel_below field_description_below gfield_visibility_visible\" ><h3 class=\"gsection_title\"><\/h3><\/div><fieldset id=\"field_2_10\" class=\"gfield gfield--width-full inline-options field_sublabel_below field_description_below gfield_visibility_visible\" ><legend class='gfield_label'  >VAI J\u016aS IETEIKTU MUMS?<\/legend><div class='ginput_container ginput_container_radio'><div class='gfield_radio' id='input_2_10'>\n\t\t\t<div class='gchoice gchoice_2_10_0'>\n\t\t\t\t\t<input class='gfield-choice-input' name='input_10' type='radio' value='J\u0100'  id='choice_2_10_0' onchange='gformToggleRadioOther( this )'    \/>\n\t\t\t\t\t<label for='choice_2_10_0' id='label_2_10_0'>J\u0100<\/label>\n\t\t\t<\/div>\n\t\t\t<div class='gchoice gchoice_2_10_1'>\n\t\t\t\t\t<input class='gfield-choice-input' name='input_10' type='radio' value='N\u0112'  id='choice_2_10_1' onchange='gformToggleRadioOther( this )'    \/>\n\t\t\t\t\t<label for='choice_2_10_1' id='label_2_10_1'>N\u0112<\/label>\n\t\t\t<\/div><\/div><\/div><\/fieldset><fieldset id=\"field_2_11\" class=\"gfield gfield--width-full inline-options field_sublabel_below field_description_below gfield_visibility_visible\" ><legend class='gfield_label'  >ES V\u0112LOS, LAI O\u2019LEARYS AR MANI SAZIN\u0100TOS<\/legend><div class='ginput_container ginput_container_radio'><div class='gfield_radio' id='input_2_11'>\n\t\t\t<div class='gchoice gchoice_2_11_0'>\n\t\t\t\t\t<input class='gfield-choice-input' name='input_11' type='radio' value='J\u0100'  id='choice_2_11_0' onchange='gformToggleRadioOther( this )'    \/>\n\t\t\t\t\t<label for='choice_2_11_0' id='label_2_11_0'>J\u0100<\/label>\n\t\t\t<\/div>\n\t\t\t<div class='gchoice gchoice_2_11_1'>\n\t\t\t\t\t<input class='gfield-choice-input' name='input_11' type='radio' value='N\u0112'  id='choice_2_11_1' onchange='gformToggleRadioOther( this )'    \/>\n\t\t\t\t\t<label for='choice_2_11_1' id='label_2_11_1'>N\u0112<\/label>\n\t\t\t<\/div><\/div><\/div><\/fieldset><div id=\"field_2_13\" class=\"gfield gsection field_sublabel_below field_description_below gfield_visibility_visible\" ><h3 class=\"gsection_title\"><\/h3><\/div><div id=\"field_2_1\" class=\"gfield field_sublabel_below field_description_below gfield_visibility_visible\" ><label class='gfield_label' for='input_2_1' >APMEKL\u0112\u0160ANAS DATUMS<\/label><div class='ginput_container ginput_container_date'>\n                            <input name='input_1' id='input_2_1' type='text' value='' class='datepicker ymd_dash datepicker_no_icon gdatepicker-no-icon'   placeholder='yyyy-mm-dd' aria-describedby=\"input_2_1_date_format\" aria-invalid=\"false\" \/>\n                            <span id='input_2_1_date_format' class='screen-reader-text'>YYYY dash MM dash DD<\/span>\n                        <\/div>\n                        <input type='hidden' id='gforms_calendar_icon_input_2_1' class='gform_hidden' value='https:\/\/lv.olearys.club\/riga-plaza\/wp-content\/plugins\/gravityforms\/images\/datepicker\/datepicker.svg'\/><\/div><div id=\"field_2_14\" class=\"gfield gsection field_sublabel_below field_description_below gfield_visibility_visible\" ><h3 class=\"gsection_title\"><\/h3><\/div><div id=\"field_2_4\" class=\"gfield field_sublabel_below field_description_below gfield_visibility_visible\" ><label class='gfield_label' for='input_2_4' >V\u0100RDS:<\/label><div class='ginput_container ginput_container_text'><input name='input_4' id='input_2_4' type='text' value='' class='large'      aria-invalid=\"false\"   \/> <\/div><\/div><div id=\"field_2_6\" class=\"gfield field_sublabel_below field_description_below gfield_visibility_visible\" ><label class='gfield_label' for='input_2_6' >E-PASTS:<\/label><div class='ginput_container ginput_container_email'>\n                            <input name='input_6' id='input_2_6' type='email' value='' class='large'     aria-invalid=\"false\"  \/>\n                        <\/div><\/div><div id=\"field_2_7\" class=\"gfield field_sublabel_below field_description_below gfield_visibility_visible\" ><label class='gfield_label' for='input_2_7' >R\u0112\u0136INA NUMURS:<\/label><div class='ginput_container ginput_container_text'><input name='input_7' id='input_2_7' type='text' value='' class='large'      aria-invalid=\"false\"   \/> <\/div><\/div><div id=\"field_2_8\" class=\"gfield field_sublabel_below field_description_below gfield_visibility_visible\" ><label class='gfield_label' for='input_2_8' >CITAS ATSAUKSMES<\/label><div class='ginput_container ginput_container_textarea'><textarea name='input_8' id='input_2_8' class='textarea large'      aria-invalid=\"false\"   rows='10' cols='50'><\/textarea><\/div><\/div><div id=\"field_2_9\" class=\"gfield gfield_html gfield_html_formatted gfield_no_follows_desc field_sublabel_below field_description_below gfield_visibility_visible\" ><p>By submitting your feedback you accept our privacy policy. For more information about our policy, <a href=\"#\">click here<\/a>.\n<\/p><\/div><\/div><\/div>\n        <div class='gform_footer top_label'> <input type='submit' id='gform_submit_button_2' class='gform_button button' value='Submit'  onclick='if(window[\"gf_submitting_2\"]){return false;}  if( !jQuery(\"#gform_2\")[0].checkValidity || jQuery(\"#gform_2\")[0].checkValidity()){window[\"gf_submitting_2\"]=true;}  ' onkeypress='if( event.keyCode == 13 ){ if(window[\"gf_submitting_2\"]){return false;} if( !jQuery(\"#gform_2\")[0].checkValidity || jQuery(\"#gform_2\")[0].checkValidity()){window[\"gf_submitting_2\"]=true;}  jQuery(\"#gform_2\").trigger(\"submit\",[true]); }' \/> \n            <input type='hidden' class='gform_hidden' name='is_submit_2' value='1' \/>\n            <input type='hidden' class='gform_hidden' name='gform_submit' value='2' \/>\n            \n            <input type='hidden' class='gform_hidden' name='gform_unique_id' value='' \/>\n            <input type='hidden' class='gform_hidden' name='state_2' value='WyJbXSIsIjAzMGE3YzIxNTdmNjkwYzBkMjQ5NTM3ZGQxMzNmNjAzIl0=' \/>\n            <input type='hidden' class='gform_hidden' name='gform_target_page_number_2' id='gform_target_page_number_2' value='0' \/>\n            <input type='hidden' class='gform_hidden' name='gform_source_page_number_2' id='gform_source_page_number_2' value='1' \/>\n            <input type='hidden' name='gform_field_values' value='' \/>\n            \n        <\/div>\n                        <\/form>\n                        <\/div>\n","protected":false},"excerpt":{"rendered":"","protected":false},"author":1,"featured_media":0,"parent":0,"menu_order":0,"comment_status":"closed","ping_status":"closed","template":"tp-form.php","meta":{"_crosspost_to_1":false,"_crosspost_to_2":true},"yoast_head":"<!-- This site is optimized with the Yoast SEO plugin v17.1 - https:\/\/yoast.com\/wordpress\/plugins\/seo\/ -->\n<meta name=\"robots\" content=\"index, follow, max-snippet:-1, max-image-preview:large, max-video-preview:-1\" \/>\n<link rel=\"canonical\" href=\"https:\/\/lv.olearys.club\/riga-plaza\/feedback\/\" \/>\n<meta property=\"og:locale\" content=\"lv_LV\" \/>\n<meta property=\"og:type\" content=\"article\" \/>\n<meta property=\"og:title\" content=\"Feedback - Riga Plaza\" \/>\n<meta property=\"og:url\" content=\"https:\/\/lv.olearys.club\/riga-plaza\/feedback\/\" \/>\n<meta property=\"og:site_name\" content=\"Riga Plaza\" \/>\n<meta property=\"article:modified_time\" content=\"2021-11-28T17:34:47+00:00\" \/>\n<meta name=\"twitter:card\" content=\"summary_large_image\" \/>\n<script type=\"application\/ld+json\" class=\"yoast-schema-graph\">{\"@context\":\"https:\/\/schema.org\",\"@graph\":[{\"@type\":\"WebSite\",\"@id\":\"https:\/\/lv.olearys.club\/riga-plaza\/#website\",\"url\":\"https:\/\/lv.olearys.club\/riga-plaza\/\",\"name\":\"Riga Plaza\",\"description\":\"Olearys website\",\"potentialAction\":[{\"@type\":\"SearchAction\",\"target\":{\"@type\":\"EntryPoint\",\"urlTemplate\":\"https:\/\/lv.olearys.club\/riga-plaza\/?s={search_term_string}\"},\"query-input\":\"required name=search_term_string\"}],\"inLanguage\":\"lv-LV\"},{\"@type\":\"WebPage\",\"@id\":\"https:\/\/lv.olearys.club\/riga-plaza\/feedback\/#webpage\",\"url\":\"https:\/\/lv.olearys.club\/riga-plaza\/feedback\/\",\"name\":\"Feedback - Riga Plaza\",\"isPartOf\":{\"@id\":\"https:\/\/lv.olearys.club\/riga-plaza\/#website\"},\"datePublished\":\"2021-11-28T17:30:34+00:00\",\"dateModified\":\"2021-11-28T17:34:47+00:00\",\"breadcrumb\":{\"@id\":\"https:\/\/lv.olearys.club\/riga-plaza\/feedback\/#breadcrumb\"},\"inLanguage\":\"lv-LV\",\"potentialAction\":[{\"@type\":\"ReadAction\",\"target\":[\"https:\/\/lv.olearys.club\/riga-plaza\/feedback\/\"]}]},{\"@type\":\"BreadcrumbList\",\"@id\":\"https:\/\/lv.olearys.club\/riga-plaza\/feedback\/#breadcrumb\",\"itemListElement\":[{\"@type\":\"ListItem\",\"position\":1,\"name\":\"Feedback\"}]}]}<\/script>\n<!-- \/ Yoast SEO plugin. -->","yoast_head_json":{"robots":{"index":"index","follow":"follow","max-snippet":"max-snippet:-1","max-image-preview":"max-image-preview:large","max-video-preview":"max-video-preview:-1"},"canonical":"https:\/\/lv.olearys.club\/riga-plaza\/feedback\/","og_locale":"lv_LV","og_type":"article","og_title":"Feedback - Riga Plaza","og_url":"https:\/\/lv.olearys.club\/riga-plaza\/feedback\/","og_site_name":"Riga Plaza","article_modified_time":"2021-11-28T17:34:47+00:00","twitter_card":"summary_large_image","schema":{"@context":"https:\/\/schema.org","@graph":[{"@type":"WebSite","@id":"https:\/\/lv.olearys.club\/riga-plaza\/#website","url":"https:\/\/lv.olearys.club\/riga-plaza\/","name":"Riga Plaza","description":"Olearys website","potentialAction":[{"@type":"SearchAction","target":{"@type":"EntryPoint","urlTemplate":"https:\/\/lv.olearys.club\/riga-plaza\/?s={search_term_string}"},"query-input":"required name=search_term_string"}],"inLanguage":"lv-LV"},{"@type":"WebPage","@id":"https:\/\/lv.olearys.club\/riga-plaza\/feedback\/#webpage","url":"https:\/\/lv.olearys.club\/riga-plaza\/feedback\/","name":"Feedback - Riga Plaza","isPartOf":{"@id":"https:\/\/lv.olearys.club\/riga-plaza\/#website"},"datePublished":"2021-11-28T17:30:34+00:00","dateModified":"2021-11-28T17:34:47+00:00","breadcrumb":{"@id":"https:\/\/lv.olearys.club\/riga-plaza\/feedback\/#breadcrumb"},"inLanguage":"lv-LV","potentialAction":[{"@type":"ReadAction","target":["https:\/\/lv.olearys.club\/riga-plaza\/feedback\/"]}]},{"@type":"BreadcrumbList","@id":"https:\/\/lv.olearys.club\/riga-plaza\/feedback\/#breadcrumb","itemListElement":[{"@type":"ListItem","position":1,"name":"Feedback"}]}]}},"_links":{"self":[{"href":"https:\/\/lv.olearys.club\/riga-plaza\/wp-json\/wp\/v2\/pages\/483"}],"collection":[{"href":"https:\/\/lv.olearys.club\/riga-plaza\/wp-json\/wp\/v2\/pages"}],"about":[{"href":"https:\/\/lv.olearys.club\/riga-plaza\/wp-json\/wp\/v2\/types\/page"}],"author":[{"embeddable":true,"href":"https:\/\/lv.olearys.club\/riga-plaza\/wp-json\/wp\/v2\/users\/1"}],"replies":[{"embeddable":true,"href":"https:\/\/lv.olearys.club\/riga-plaza\/wp-json\/wp\/v2\/comments?post=483"}],"version-history":[{"count":4,"href":"https:\/\/lv.olearys.club\/riga-plaza\/wp-json\/wp\/v2\/pages\/483\/revisions"}],"predecessor-version":[{"id":487,"href":"https:\/\/lv.olearys.club\/riga-plaza\/wp-json\/wp\/v2\/pages\/483\/revisions\/487"}],"wp:attachment":[{"href":"https:\/\/lv.olearys.club\/riga-plaza\/wp-json\/wp\/v2\/media?parent=483"}],"curies":[{"name":"wp","href":"https:\/\/api.w.org\/{rel}","templated":true}]}}